{"id":1257,"date":"2024-06-26T14:42:33","date_gmt":"2024-06-26T12:42:33","guid":{"rendered":"https:\/\/www.rosiglioni.it\/fournitures-veterinaires\/"},"modified":"2025-10-23T18:36:36","modified_gmt":"2025-10-23T16:36:36","slug":"fournitures-veterinaires","status":"publish","type":"page","link":"https:\/\/www.rosiglioni.it\/fr\/fournitures-veterinaires\/","title":{"rendered":"Fournitures v\u00e9t\u00e9rinaires"},"content":{"rendered":"<!--themify_builder_content-->\n<div id=\"themify_builder_content-1257\" data-postid=\"1257\" class=\"themify_builder_content themify_builder_content-1257 themify_builder tf_clear\">\n                    <div  data-css_id=\"nwcs056\" data-lazy=\"1\" class=\"module_row themify_builder_row fullwidth_row_container tb_nwcs056 tb_first tf_w\">\n            <span  class=\"builder_row_cover tf_abs\" data-lazy=\"1\"><\/span>            <div class=\"row_inner col_align_top tb_col_count_2 tf_box tf_rel\">\n                        <div  data-lazy=\"1\" class=\"module_column tb-column col4-2 tb_8vlo066 first\">\n                    <!-- module text -->\n<div  class=\"module module-text tb_8al1116   \" data-lazy=\"1\">\n        <div  class=\"tb_text_wrap\">\n        <h1>Fournitures v\u00e9t\u00e9rinaires<\/h1>    <\/div>\n<\/div>\n<!-- \/module text -->        <\/div>\n                    <div  data-lazy=\"1\" class=\"module_column tb-column col4-2 tb_3598066 last\">\n                            <\/div>\n                        <\/div>\n        <\/div>\n                        <div  data-css_id=\"d6eb002\" data-lazy=\"1\" class=\"module_row themify_builder_row fullwidth tb_d6eb002 tf_w\">\n                        <div class=\"row_inner col_align_middle gutter-none tb_col_count_2 tf_box tf_rel\">\n                        <div  data-lazy=\"1\" class=\"module_column tb-column col4-2 tb_egjy262 first\">\n                    <!-- module text -->\n<div  class=\"module module-text tb_gp94080   \" data-lazy=\"1\">\n        <div  class=\"tb_text_wrap\">\n        <p>Nous sommes Rosiglioni Impianti, une entreprise leader dans la fourniture de solutions avanc\u00e9es pour le secteur m\u00e9dical et v\u00e9t\u00e9rinaire. Avec des ann\u00e9es d&rsquo;exp\u00e9rience et un engagement constant envers l&rsquo;innovation et la qualit\u00e9, nous nous engageons \u00e0 soutenir les cabinets et cliniques v\u00e9t\u00e9rinaires avec des \u00e9quipements qui am\u00e9liorent l&rsquo;efficacit\u00e9 op\u00e9rationnelle et la qualit\u00e9 des soins offerts \u00e0 vos patients \u00e0 quatre pattes.<\/p>    <\/div>\n<\/div>\n<!-- \/module text -->        <\/div>\n                    <div  data-lazy=\"1\" class=\"module_column tb-column col4-2 tb_4ijg013 last\">\n        <span  class=\"builder_row_cover tf_abs\" data-lazy=\"1\"><\/span>            <!-- module text -->\n<div  class=\"module module-text tb_4o76366   \" data-lazy=\"1\">\n        <div  class=\"tb_text_wrap\">\n        <h1 style=\"margin-bottom: 0.5em\">Non seulement des \u00e9quipements mais aussi des installations de gaz m\u00e9dicaux. <\/h1>    <\/div>\n<\/div>\n<!-- \/module text --><!-- module divider -->\n<div  class=\"module tf_mw module-divider tb_3ff2030 solid  divider-custom divider-left\" style=\"border-width: 2px;border-color: #ffffff;margin-top: 10px;margin-bottom: 40px;max-width: 150px;\" data-lazy=\"1\">\n    <\/div>\n<!-- \/module divider -->\n<!-- module text -->\n<div  class=\"module module-text tb_k18n001   \" data-lazy=\"1\">\n        <div  class=\"tb_text_wrap\">\n        <h4><span style=\"font-size: 1em;font-weight: normal\">.&nbsp;<\/span><br><\/h4>    <\/div>\n<\/div>\n<!-- \/module text -->        <\/div>\n                        <\/div>\n        <\/div>\n                        <div  data-css_id=\"6qbg000\" data-lazy=\"1\" class=\"module_row themify_builder_row fullwidth tb_6qbg000 tf_w\">\n                        <div class=\"row_inner col_align_top tb_col_count_1 tf_box tf_rel\">\n                        <div  data-lazy=\"1\" class=\"module_column tb-column col-full tb_l9hx060 first\">\n                    <!-- module text -->\n<div  class=\"module module-text tb_n36a600   \" data-lazy=\"1\">\n        <div  class=\"tb_text_wrap\">\n        <h2>Technologie avanc\u00e9e pour votre cabinet v\u00e9t\u00e9rinaire<\/h2>\n<div>Chez Rosiglioni Impianti, nous comprenons l&rsquo;importance d&rsquo;avoir des installations m\u00e9dicales fiables et efficaces. Nos solutions comprennent :<\/div>    <\/div>\n<\/div>\n<!-- \/module text -->        <div  data-lazy=\"1\" class=\"module_subrow themify_builder_sub_row tf_w col_align_top gutter-none tb_col_count_2 tb_rdfm690\">\n                <div  data-lazy=\"1\" class=\"module_column sub_column col4-2 tb_2mrx660 first\">\n                    <!-- module feature -->\n<div  class=\"module module-feature tb_0kry446 with-chart layout-icon-left size-small \" data-layout-mobile=\"icon-top\" data-layout-desktop=\"icon-left\" data-lazy=\"1\">\n        <div class=\"module-feature-image tf_textc tf_rel\">\n                            <span class=\"module-feature-chart-html5 tf_box tf_rel tf_inline_b\">\n                                    <svg class=\"tf_abs tf_w tf_h\">\n                    <circle class=\"tb_feature_fill\" r=\"calc(50% - 1.00px)\" cx=\"50%\" cy=\"50%\" stroke-width=\"2\"\/>\n                    <circle class=\"tb_feature_stroke\" r=\"calc(50% - 1.00px)\" cx=\"50%\" cy=\"50%\" stroke=\"#548fe8\" stroke-width=\"2\" data-progress=\"100\" stroke-dasharray=\"0,10000\"\/>\n                                        <\/svg>\n                                <span class=\"chart-html5-circle tf_w tf_h\">\n                                            <em class=\"module-feature-icon tf_rel\" style=\"color:#000000\"><svg  class=\"tf_fa tf-fas-th-large\" xmlns:xlink=\"http:\/\/www.w3.org\/1999\/xlink\" aria-hidden=\"true\"><use href=\"#tf-fas-th-large\" xlink:href=\"#tf-fas-th-large\"><\/use><\/svg><\/em>\n                                    <\/span>\n\n                \n            <\/span>\n                <\/div>\n    <div class=\"module-feature-content tf_textc\">\n                    <h2 class=\"module-feature-title\">\n                            Syst\u00e8mes de distribution de gaz m\u00e9dicaux                        <\/h2>\n                    <div class=\"tb_text_wrap\">\n            <p>Nous garantissons une distribution continue et s\u00fbre des gaz essentiels pour les soins v\u00e9t\u00e9rinaires.<\/p>        <\/div>\n    <\/div>\n<\/div>\n<!-- \/module feature -->\n        <\/div>\n                    <div  data-lazy=\"1\" class=\"module_column sub_column col4-2 tb_7qvz656 last\">\n                    <!-- module feature -->\n<div  class=\"module module-feature tb_4n9f106 with-chart layout-icon-left size-small \" data-layout-mobile=\"icon-top\" data-layout-desktop=\"icon-left\" data-lazy=\"1\">\n        <div class=\"module-feature-image tf_textc tf_rel\">\n                            <span class=\"module-feature-chart-html5 tf_box tf_rel tf_inline_b\">\n                                    <svg class=\"tf_abs tf_w tf_h\">\n                    <circle class=\"tb_feature_fill\" r=\"calc(50% - 1.00px)\" cx=\"50%\" cy=\"50%\" stroke-width=\"2\"\/>\n                    <circle class=\"tb_feature_stroke\" r=\"calc(50% - 1.00px)\" cx=\"50%\" cy=\"50%\" stroke=\"#548fe8\" stroke-width=\"2\" data-progress=\"100\" stroke-dasharray=\"0,10000\"\/>\n                                        <\/svg>\n                                <span class=\"chart-html5-circle tf_w tf_h\">\n                                            <em class=\"module-feature-icon tf_rel\" style=\"color:#000000\"><svg  class=\"tf_fa tf-fas-sliders\" xmlns:xlink=\"http:\/\/www.w3.org\/1999\/xlink\" aria-hidden=\"true\"><use href=\"#tf-fas-sliders\" xlink:href=\"#tf-fas-sliders\"><\/use><\/svg><\/em>\n                                    <\/span>\n\n                \n            <\/span>\n                <\/div>\n    <div class=\"module-feature-content tf_textc\">\n                    <h2 class=\"module-feature-title\">\n                            Syst\u00e8mes d'\u00e9clairage chirurgical                        <\/h2>\n                    <div class=\"tb_text_wrap\">\n            <p>Nous proposons des solutions d&rsquo;\u00e9clairage qui assurent une visibilit\u00e9 optimale pendant les proc\u00e9dures.<\/p>        <\/div>\n    <\/div>\n<\/div>\n<!-- \/module feature -->\n        <\/div>\n                    <\/div>\n                <div  data-lazy=\"1\" class=\"module_subrow themify_builder_sub_row tf_w col_align_top gutter-none tb_col_count_2 tb_bph1226\">\n                <div  data-lazy=\"1\" class=\"module_column sub_column col4-2 tb_99uz090 first\">\n                    <!-- module feature -->\n<div  class=\"module module-feature tb_efyy096 with-chart layout-icon-left size-small \" data-layout-mobile=\"icon-top\" data-layout-desktop=\"icon-left\" data-lazy=\"1\">\n        <div class=\"module-feature-image tf_textc tf_rel\">\n                            <span class=\"module-feature-chart-html5 tf_box tf_rel tf_inline_b\">\n                                    <svg class=\"tf_abs tf_w tf_h\">\n                    <circle class=\"tb_feature_fill\" r=\"calc(50% - 1.00px)\" cx=\"50%\" cy=\"50%\" stroke-width=\"2\"\/>\n                    <circle class=\"tb_feature_stroke\" r=\"calc(50% - 1.00px)\" cx=\"50%\" cy=\"50%\" stroke=\"#548fe8\" stroke-width=\"2\" data-progress=\"100\" stroke-dasharray=\"0,10000\"\/>\n                                        <\/svg>\n                                <span class=\"chart-html5-circle tf_w tf_h\">\n                                            <em class=\"module-feature-icon tf_rel\" style=\"color:#000000\"><svg  class=\"tf_fa tf-ti-alarm-clock\" xmlns:xlink=\"http:\/\/www.w3.org\/1999\/xlink\" aria-hidden=\"true\"><use href=\"#tf-ti-alarm-clock\" xlink:href=\"#tf-ti-alarm-clock\"><\/use><\/svg><\/em>\n                                    <\/span>\n\n                \n            <\/span>\n                <\/div>\n    <div class=\"module-feature-content tf_textc\">\n                    <h3 class=\"module-feature-title\">\n                            Accessoires et dispositifs m\u00e9dicaux :                        <\/h3>\n                    <div class=\"tb_text_wrap\">\n            <p>D\u00e9bitm\u00e8tres, aspirateurs et bien plus encore, tout est s\u00e9lectionn\u00e9 pour garantir une fiabilit\u00e9 et une s\u00e9curit\u00e9 maximales.<\/p>        <\/div>\n    <\/div>\n<\/div>\n<!-- \/module feature -->\n        <\/div>\n                    <div  data-lazy=\"1\" class=\"module_column sub_column col4-2 tb_qrho961 last\">\n                            <\/div>\n                    <\/div>\n                <\/div>\n                        <\/div>\n        <\/div>\n                        <div  data-css_id=\"jquo660\" data-lazy=\"1\" class=\"module_row themify_builder_row fullwidth tb_jquo660 tf_w\">\n                        <div class=\"row_inner col_align_middle tb_col_count_2 tf_box tf_rel\">\n                        <div  data-lazy=\"1\" class=\"module_column tb-column col4-2 tb_lvix969 first\">\n                    <!-- module text -->\n<div  class=\"module module-text tb_5jta666   \" data-lazy=\"1\">\n        <div  class=\"tb_text_wrap\">\n        <div>\n<h2>Avantages de nos installations<\/h2>\n<\/div>\n<div> <\/div>\n<ul>\n<li><strong>Fiabilit\u00e9<\/strong> : Produits certifi\u00e9s et conformes aux normes internationales.<\/li>\n<li><strong>Efficacit\u00e9<\/strong> : Am\u00e9lioration des flux de travail et r\u00e9duction des temps d&rsquo;arr\u00eat.<\/li>\n<li><strong>Innovation<\/strong> : Solutions technologiques pour un support clinique sup\u00e9rieur.<\/li>\n<\/ul>\n<p style=\"text-align: justify\"> <\/p>    <\/div>\n<\/div>\n<!-- \/module text -->        <\/div>\n                    <div  data-lazy=\"1\" class=\"module_column tb-column col4-2 tb_soqu006 last\">\n                    <!-- module image -->\n<div  class=\"module module-image tb_31d2616 image-top rounded drop-shadow  auto_fullwidth tf_mw\" data-lazy=\"1\">\n        <div class=\"image-wrap tf_rel tf_mw\">\n            <img loading=\"lazy\" decoding=\"async\" src=\"https:\/\/rosiglioni.it\/wp-content\/uploads\/2024\/04\/rosiglioni-impianti-ai-2.png\" width=\"730\" height=\"1024\" title=\"Fournitures v\u00e9t\u00e9rinaires\" alt=\"Fournitures v\u00e9t\u00e9rinaires\">    \n        <\/div>\n    <!-- \/image-wrap -->\n    \n        <\/div>\n<!-- \/module image -->        <\/div>\n                        <\/div>\n        <\/div>\n                        <div  data-mobile-padding=\"43px,86px\" data-desktop-padding=\"34px\" data-css_id=\"ko6r818\" data-lazy=\"1\" class=\"module_row themify_builder_row fullwidth_row_container tb_ko6r818 tf_w\">\n                        <div class=\"row_inner col_align_top tb_col_count_1 tf_box tf_rel\">\n                        <div  data-lazy=\"1\" class=\"module_column tb-column col-full tb_yljo169 first\">\n        <span  class=\"builder_row_cover tf_abs\" data-lazy=\"1\"><\/span>            <!-- module text -->\n<div  class=\"module module-text tb_fx1w061   \" data-lazy=\"1\">\n        <div  class=\"tb_text_wrap\">\n        <h2><strong>Maintenance et assistance compl\u00e8te<\/strong><\/h2>\n<p><strong style=\"font-size: 1em;text-align: center\"> <\/strong><\/p>    <\/div>\n<\/div>\n<!-- \/module text -->        <\/div>\n                        <\/div>\n        <\/div>\n                        <div  data-css_id=\"r6sw696\" data-lazy=\"1\" class=\"module_row themify_builder_row fullwidth tb_r6sw696 tf_w\">\n                        <div class=\"row_inner col_align_top tb_col_count_1 tf_box tf_rel\">\n                        <div  data-lazy=\"1\" class=\"module_column tb-column col-full tb_nl6k636 first\">\n                    <!-- module text -->\n<div  class=\"module module-text tb_kiej590   \" data-lazy=\"1\">\n        <div  class=\"tb_text_wrap\">\n        <p>Nous proposons des services de maintenance programm\u00e9e et d&rsquo;assistance technique pour garantir que vos installations de gaz m\u00e9dicaux fonctionnent toujours de mani\u00e8re optimale. Notre maintenance pr\u00e9ventive r\u00e9duit le risque de pannes et assure une longue dur\u00e9e de vie op\u00e9rationnelle des \u00e9quipements.<\/p>\n<p><strong>Personnalisation des installations<\/strong><\/p>\n<p>Chaque cabinet v\u00e9t\u00e9rinaire a des besoins uniques. C&rsquo;est pourquoi nous proposons des solutions personnalis\u00e9es pour vos installations m\u00e9dicales, en adaptant nos \u00e9quipements pour r\u00e9pondre \u00e0 des besoins cliniques et op\u00e9rationnels sp\u00e9cifiques.<\/p>\n<p><strong>Montage professionnel<\/strong><\/p>\n<p>Notre \u00e9quipe d&rsquo;experts s&rsquo;occupe du montage complet des \u00e9quipements, garantissant une installation correcte et s\u00fbre. Nous nous assurons que chaque composant est install\u00e9 selon les meilleures pratiques du secteur, pour offrir une fiabilit\u00e9 et des performances maximales.<\/p>    <\/div>\n<\/div>\n<!-- \/module text -->        <\/div>\n                        <\/div>\n        <\/div>\n                        <div  data-css_id=\"jj1g570\" data-lazy=\"1\" class=\"module_row themify_builder_row fullwidth tb_jj1g570 tf_w\">\n                        <div class=\"row_inner col_align_top tb_col_count_2 tf_box tf_rel\">\n                        <div  data-lazy=\"1\" class=\"module_column tb-column col4-2 tb_rrqy570 first\">\n                    <!-- module image -->\n<div  class=\"module module-image tb_wb2d580 image-top   tf_mw\" data-lazy=\"1\">\n        <div class=\"image-wrap tf_rel tf_mw\">\n            <img loading=\"lazy\" decoding=\"async\" width=\"1500\" height=\"1000\" src=\"https:\/\/www.rosiglioni.it\/wp-content\/uploads\/2024\/06\/2150690879.jpg\" class=\"wp-post-image wp-image-932\" title=\"2150690879\" alt=\"2150690879\" srcset=\"https:\/\/www.rosiglioni.it\/wp-content\/uploads\/2024\/06\/2150690879.jpg 1500w, https:\/\/www.rosiglioni.it\/wp-content\/uploads\/2024\/06\/2150690879-300x200.jpg 300w, https:\/\/www.rosiglioni.it\/wp-content\/uploads\/2024\/06\/2150690879-1024x683.jpg 1024w, https:\/\/www.rosiglioni.it\/wp-content\/uploads\/2024\/06\/2150690879-768x512.jpg 768w\" sizes=\"auto, (max-width: 1500px) 100vw, 1500px\" \/>    \n        <\/div>\n    <!-- \/image-wrap -->\n    \n        <\/div>\n<!-- \/module image -->        <\/div>\n                    <div  data-lazy=\"1\" class=\"module_column tb-column col4-2 tb_unfb662 last\">\n                    <!-- module fancy heading -->\n<div  class=\"module module-fancy-heading tb_12y8963 \" data-lazy=\"1\">\n        <h1 class=\"fancy-heading\">\n    <span class=\"main-head tf_block\">\n                    Vente flash            <\/span>\n\n    \n    <span class=\"sub-head tf_block tf_rel\">\n                    \u00c9quipement d'occasion de qualit\u00e9 \u00e0 des prix incroyables            <\/span>\n    <\/h1>\n<\/div>\n<!-- \/module fancy heading -->\n        <\/div>\n                        <\/div>\n        <\/div>\n                        <div  data-lazy=\"1\" class=\"module_row themify_builder_row tb_4l2e117 tf_w\">\n                        <div class=\"row_inner col_align_top tb_col_count_1 tf_box tf_rel\">\n                        <div  data-lazy=\"1\" class=\"module_column tb-column col-full tb_yeda190 first\">\n                    <!-- module text -->\n<div  class=\"module module-text tb_7fvm681   \" data-lazy=\"1\">\n        <div  class=\"tb_text_wrap\">\n        <p>Pour une dur\u00e9e limit\u00e9e, nous proposons une occasion unique de moderniser votre cabinet v\u00e9t\u00e9rinaire avec des \u00e9quipements de haute qualit\u00e9 \u00e0 des prix imbattables. Nous disposons d&rsquo;une large gamme de produits disponibles, notamment :<\/p>\n<ul>\n<li><strong>Instruments chirurgicaux<\/strong><\/li>\n<li><strong>\u00c9quipements \u00e9lectrom\u00e9dicaux<\/strong><\/li>\n<li><strong>Accessoires diagnostiques et th\u00e9rapeutiques<\/strong><\/li>\n<\/ul>\n<p><strong>Avantages de l&rsquo;offre :<\/strong><\/p>\n<ul>\n<li><strong>Prix comp\u00e9titifs<\/strong> : \u00c9quipements d&rsquo;occasion en excellent \u00e9tat, disponibles \u00e0 une fraction du prix d&rsquo;origine.<\/li>\n<li><strong>Large s\u00e9lection<\/strong> : Trouvez tout ce dont vous avez besoin, des dispositifs diagnostiques aux instruments chirurgicaux.<\/li>\n<li><strong>Disponibilit\u00e9 imm\u00e9diate<\/strong> : Produits pr\u00eats \u00e0 \u00eatre utilis\u00e9s dans votre cabinet.<\/li>\n<\/ul>\n<p><strong> <\/strong><\/p>\n<h3><strong>Ne manquez pas cette occasion !<\/strong> Contactez-nous pour plus d&rsquo;informations sur ces produits exclusifs !<\/h3>\n<div> <\/div>    <\/div>\n<\/div>\n<!-- \/module text --><!-- module template_part -->\n<div  class=\"module module-layout-part tb_2uod801 \">\n    <\/div>\n<!-- \/module template_part -->        <\/div>\n                        <\/div>\n        <\/div>\n        <\/div>\n<!--\/themify_builder_content-->","protected":false},"excerpt":{"rendered":"<p>Fournitures v\u00e9t\u00e9rinaires Nous sommes Rosiglioni Impianti, une entreprise leader dans la fourniture de solutions avanc\u00e9es pour le secteur m\u00e9dical et v\u00e9t\u00e9rinaire. Avec des ann\u00e9es d&rsquo;exp\u00e9rience et un engagement constant envers l&rsquo;innovation et la qualit\u00e9, nous nous engageons \u00e0 soutenir les cabinets et cliniques v\u00e9t\u00e9rinaires avec des \u00e9quipements qui am\u00e9liorent l&rsquo;efficacit\u00e9 op\u00e9rationnelle et la qualit\u00e9 des [&hellip;]<\/p>\n","protected":false},"author":1,"featured_media":0,"parent":0,"menu_order":0,"comment_status":"closed","ping_status":"closed","template":"","meta":{"inline_featured_image":false,"footnotes":""},"class_list":["post-1257","page","type-page","status-publish","hentry","has-post-title","has-post-date","has-post-category","has-post-tag","has-post-comment","has-post-author",""],"aioseo_notices":[],"builder_content":"<h1>Fournitures v\u00e9t\u00e9rinaires<\/h1>\n<p>Nous sommes Rosiglioni Impianti, une entreprise leader dans la fourniture de solutions avanc\u00e9es pour le secteur m\u00e9dical et v\u00e9t\u00e9rinaire. Avec des ann\u00e9es d'exp\u00e9rience et un engagement constant envers l'innovation et la qualit\u00e9, nous nous engageons \u00e0 soutenir les cabinets et cliniques v\u00e9t\u00e9rinaires avec des \u00e9quipements qui am\u00e9liorent l'efficacit\u00e9 op\u00e9rationnelle et la qualit\u00e9 des soins offerts \u00e0 vos patients \u00e0 quatre pattes.<\/p>\n<h1 style=\"margin-bottom: 0.5em\">Non seulement des \u00e9quipements mais aussi des installations de gaz m\u00e9dicaux. <\/h1>\n\n<h4>.&nbsp;<br><\/h4>\n<h2>Technologie avanc\u00e9e pour votre cabinet v\u00e9t\u00e9rinaire<\/h2> Chez Rosiglioni Impianti, nous comprenons l'importance d'avoir des installations m\u00e9dicales fiables et efficaces. Nos solutions comprennent :\n<svg> <circle r=\"calc(50% - 1.00px)\" cx=\"50%\" cy=\"50%\" stroke-width=\"2\"\/> <circle r=\"calc(50% - 1.00px)\" cx=\"50%\" cy=\"50%\" stroke=\"#548fe8\" stroke-width=\"2\" data-progress=\"100\" stroke-dasharray=\"0,10000\"\/> <\/svg> <em style=\"color:#000000\"><svg xmlns:xlink=\"http:\/\/www.w3.org\/1999\/xlink\" aria-hidden=\"true\"><use href=\"#tf-fas-th-large\" xlink:href=\"#tf-fas-th-large\"><\/use><\/svg><\/em> \n <h2> Syst\u00e8mes de distribution de gaz m\u00e9dicaux <\/h2> <p>Nous garantissons une distribution continue et s\u00fbre des gaz essentiels pour les soins v\u00e9t\u00e9rinaires.<\/p>\n<svg> <circle r=\"calc(50% - 1.00px)\" cx=\"50%\" cy=\"50%\" stroke-width=\"2\"\/> <circle r=\"calc(50% - 1.00px)\" cx=\"50%\" cy=\"50%\" stroke=\"#548fe8\" stroke-width=\"2\" data-progress=\"100\" stroke-dasharray=\"0,10000\"\/> <\/svg> <em style=\"color:#000000\"><svg xmlns:xlink=\"http:\/\/www.w3.org\/1999\/xlink\" aria-hidden=\"true\"><use href=\"#tf-fas-sliders\" xlink:href=\"#tf-fas-sliders\"><\/use><\/svg><\/em> \n <h2> Syst\u00e8mes d'\u00e9clairage chirurgical <\/h2> <p>Nous proposons des solutions d'\u00e9clairage qui assurent une visibilit\u00e9 optimale pendant les proc\u00e9dures.<\/p>\n<svg> <circle r=\"calc(50% - 1.00px)\" cx=\"50%\" cy=\"50%\" stroke-width=\"2\"\/> <circle r=\"calc(50% - 1.00px)\" cx=\"50%\" cy=\"50%\" stroke=\"#548fe8\" stroke-width=\"2\" data-progress=\"100\" stroke-dasharray=\"0,10000\"\/> <\/svg> <em style=\"color:#000000\"><svg xmlns:xlink=\"http:\/\/www.w3.org\/1999\/xlink\" aria-hidden=\"true\"><use href=\"#tf-ti-alarm-clock\" xlink:href=\"#tf-ti-alarm-clock\"><\/use><\/svg><\/em> \n <h3> Accessoires et dispositifs m\u00e9dicaux : <\/h3> <p>D\u00e9bitm\u00e8tres, aspirateurs et bien plus encore, tout est s\u00e9lectionn\u00e9 pour garantir une fiabilit\u00e9 et une s\u00e9curit\u00e9 maximales.<\/p>\n<h2>Avantages de nos installations<\/h2>\n <ul> <li><strong>Fiabilit\u00e9<\/strong> : Produits certifi\u00e9s et conformes aux normes internationales.<\/li> <li><strong>Efficacit\u00e9<\/strong> : Am\u00e9lioration des flux de travail et r\u00e9duction des temps d'arr\u00eat.<\/li> <li><strong>Innovation<\/strong> : Solutions technologiques pour un support clinique sup\u00e9rieur.<\/li> <\/ul> <p style=\"text-align: justify\"> <\/p>\n<img src=\"https:\/\/rosiglioni.it\/wp-content\/uploads\/2024\/04\/rosiglioni-impianti-ai-2.png\" width=\"730\" height=\"1024\" title=\"Fournitures v\u00e9t\u00e9rinaires\" alt=\"Fournitures v\u00e9t\u00e9rinaires\">\n<h2><strong>Maintenance et assistance compl\u00e8te<\/strong><\/h2> <p><strong style=\"font-size: 1em;text-align: center\"> <\/strong><\/p>\n<p>Nous proposons des services de maintenance programm\u00e9e et d'assistance technique pour garantir que vos installations de gaz m\u00e9dicaux fonctionnent toujours de mani\u00e8re optimale. Notre maintenance pr\u00e9ventive r\u00e9duit le risque de pannes et assure une longue dur\u00e9e de vie op\u00e9rationnelle des \u00e9quipements.<\/p> <p><strong>Personnalisation des installations<\/strong><\/p> <p>Chaque cabinet v\u00e9t\u00e9rinaire a des besoins uniques. C'est pourquoi nous proposons des solutions personnalis\u00e9es pour vos installations m\u00e9dicales, en adaptant nos \u00e9quipements pour r\u00e9pondre \u00e0 des besoins cliniques et op\u00e9rationnels sp\u00e9cifiques.<\/p> <p><strong>Montage professionnel<\/strong><\/p> <p>Notre \u00e9quipe d'experts s'occupe du montage complet des \u00e9quipements, garantissant une installation correcte et s\u00fbre. Nous nous assurons que chaque composant est install\u00e9 selon les meilleures pratiques du secteur, pour offrir une fiabilit\u00e9 et des performances maximales.<\/p>\n<img src=\"https:\/\/www.rosiglioni.it\/wp-content\/uploads\/2024\/06\/2150690879.jpg\" title=\"2150690879\" alt=\"2150690879\" srcset=\"https:\/\/www.rosiglioni.it\/wp-content\/uploads\/2024\/06\/2150690879.jpg 1500w, https:\/\/www.rosiglioni.it\/wp-content\/uploads\/2024\/06\/2150690879-300x200.jpg 300w, https:\/\/www.rosiglioni.it\/wp-content\/uploads\/2024\/06\/2150690879-1024x683.jpg 1024w, https:\/\/www.rosiglioni.it\/wp-content\/uploads\/2024\/06\/2150690879-768x512.jpg 768w\" sizes=\"(max-width: 1500px) 100vw, 1500px\" \/>\n<h1>Vente flash<br\/>\u00c9quipement d'occasion de qualit\u00e9 \u00e0 des prix incroyables<\/h1>\n<p>Pour une dur\u00e9e limit\u00e9e, nous proposons une occasion unique de moderniser votre cabinet v\u00e9t\u00e9rinaire avec des \u00e9quipements de haute qualit\u00e9 \u00e0 des prix imbattables. Nous disposons d'une large gamme de produits disponibles, notamment :<\/p> <ul> <li><strong>Instruments chirurgicaux<\/strong><\/li> <li><strong>\u00c9quipements \u00e9lectrom\u00e9dicaux<\/strong><\/li> <li><strong>Accessoires diagnostiques et th\u00e9rapeutiques<\/strong><\/li> <\/ul> <p><strong>Avantages de l'offre :<\/strong><\/p> <ul> <li><strong>Prix comp\u00e9titifs<\/strong> : \u00c9quipements d'occasion en excellent \u00e9tat, disponibles \u00e0 une fraction du prix d'origine.<\/li> <li><strong>Large s\u00e9lection<\/strong> : Trouvez tout ce dont vous avez besoin, des dispositifs diagnostiques aux instruments chirurgicaux.<\/li> <li><strong>Disponibilit\u00e9 imm\u00e9diate<\/strong> : Produits pr\u00eats \u00e0 \u00eatre utilis\u00e9s dans votre cabinet.<\/li> <\/ul> <p><strong> <\/strong><\/p> <h3><strong>Ne manquez pas cette occasion !<\/strong> Contactez-nous pour plus d'informations sur ces produits exclusifs !<\/h3>","_links":{"self":[{"href":"https:\/\/www.rosiglioni.it\/fr\/wp-json\/wp\/v2\/pages\/1257","targetHints":{"allow":["GET"]}}],"collection":[{"href":"https:\/\/www.rosiglioni.it\/fr\/wp-json\/wp\/v2\/pages"}],"about":[{"href":"https:\/\/www.rosiglioni.it\/fr\/wp-json\/wp\/v2\/types\/page"}],"author":[{"embeddable":true,"href":"https:\/\/www.rosiglioni.it\/fr\/wp-json\/wp\/v2\/users\/1"}],"replies":[{"embeddable":true,"href":"https:\/\/www.rosiglioni.it\/fr\/wp-json\/wp\/v2\/comments?post=1257"}],"version-history":[{"count":1,"href":"https:\/\/www.rosiglioni.it\/fr\/wp-json\/wp\/v2\/pages\/1257\/revisions"}],"predecessor-version":[{"id":1259,"href":"https:\/\/www.rosiglioni.it\/fr\/wp-json\/wp\/v2\/pages\/1257\/revisions\/1259"}],"wp:attachment":[{"href":"https:\/\/www.rosiglioni.it\/fr\/wp-json\/wp\/v2\/media?parent=1257"}],"curies":[{"name":"wp","href":"https:\/\/api.w.org\/{rel}","templated":true}]}}