{"id":1303,"date":"2024-04-15T18:05:59","date_gmt":"2024-04-15T16:05:59","guid":{"rendered":"https:\/\/www.rosiglioni.it\/certifications\/"},"modified":"2025-10-23T18:38:40","modified_gmt":"2025-10-23T16:38:40","slug":"certifications","status":"publish","type":"page","link":"https:\/\/www.rosiglioni.it\/fr\/certifications\/","title":{"rendered":"Certifications"},"content":{"rendered":"<!--themify_builder_content-->\n<div id=\"themify_builder_content-1303\" data-postid=\"1303\" class=\"themify_builder_content themify_builder_content-1303 themify_builder tf_clear\">\n                    <div  data-css_id=\"v3zk687\" data-lazy=\"1\" class=\"module_row themify_builder_row fullwidth_row_container tb_v3zk687 tb_first tf_w\">\n            <span  class=\"builder_row_cover tf_abs\" data-lazy=\"1\"><\/span>            <div class=\"row_inner col_align_top tb_col_count_2 tf_box tf_rel\">\n                        <div  data-lazy=\"1\" class=\"module_column tb-column col4-2 tb_qlcm688 first\">\n                    <!-- module text -->\n<div  class=\"module module-text tb_tvk3689   \" data-lazy=\"1\">\n        <div  class=\"tb_text_wrap\">\n        <h1>Certifications<\/h1>    <\/div>\n<\/div>\n<!-- \/module text -->        <\/div>\n                    <div  data-lazy=\"1\" class=\"module_column tb-column col4-2 tb_r3qe690 last\">\n                            <\/div>\n                        <\/div>\n        <\/div>\n                        <div  data-lazy=\"1\" class=\"module_row themify_builder_row tb_ac1v699 tf_w\">\n                        <div class=\"row_inner col_align_top tb_col_count_1 tf_box tf_rel\">\n                        <div  data-lazy=\"1\" class=\"module_column tb-column col-full tb_yqpf699 first\">\n                    <!-- module text -->\n<div  class=\"module module-text tb_xy9b443   \" data-lazy=\"1\">\n        <div  class=\"tb_text_wrap\">\n        <p>Chez Rosiglioni Impianti, la s\u00e9curit\u00e9 des installations de gaz m\u00e9dicaux est au c\u0153ur de nos priorit\u00e9s. La gestion de syst\u00e8mes aussi cruciaux n\u00e9cessite un engagement constant et un respect rigoureux des r\u00e9glementations italiennes, qui sont parmi les plus strictes au monde. <\/p>\n<p><strong>Comment Garantissons-nous la S\u00e9curit\u00e9 ?<\/strong><\/p>\n<ol>\n<li>\n<p><strong>Conformit\u00e9 aux Normes UNI EN ISO<\/strong> :<\/p>\n<ul>\n<li>Toutes nos installations respectent les normes UNI EN ISO, qui \u00e9tablissent les standards pour la qualit\u00e9 et la s\u00e9curit\u00e9 des installations de gaz m\u00e9dicaux. Ces r\u00e9glementations couvrent tout, de la conception \u00e0 la maintenance, en s&rsquo;assurant que chaque composant fonctionne efficacement et en s\u00e9curit\u00e9. <\/li>\n<\/ul>\n<\/li>\n<li>\n<p><strong>Certification P\u00e9riodique<\/strong> :<\/p>\n<ul>\n<li>Nous soumettons r\u00e9guli\u00e8rement nos installations \u00e0 des r\u00e9visions et certifications p\u00e9riodiques. Ceci n&rsquo;est pas seulement une exigence l\u00e9gale, mais c&rsquo;est aussi une pratique fondamentale pour maintenir et garantir la haute performance et la s\u00e9curit\u00e9 des syst\u00e8mes. <\/li>\n<\/ul>\n<\/li>\n<li>\n<p><strong>Formation Continue du Personnel<\/strong> :<\/p>\n<ul>\n<li>Notre personnel est constamment mis \u00e0 jour sur les derni\u00e8res r\u00e9glementations et techniques de s\u00e9curit\u00e9 gr\u00e2ce \u00e0 des cours de formation p\u00e9riodiques. Ceci assure que chaque membre de l&rsquo;\u00e9quipe soit pr\u00e9par\u00e9 \u00e0 g\u00e9rer chaque aspect des installations avec la plus grande comp\u00e9tence. <\/li>\n<\/ul>\n<\/li>\n<\/ol>\n<div style=\"text-align: center;\"> <\/div>\n<div style=\"text-align: center;\"><span style=\"font-weight: bold;\">Ci-dessous toutes nos certifications t\u00e9l\u00e9chargeables.<\/span><\/div>    <\/div>\n<\/div>\n<!-- \/module text -->        <\/div>\n                        <\/div>\n        <\/div>\n                        <div  data-lazy=\"1\" class=\"module_row themify_builder_row tb_2w61994 tf_w\">\n                        <div class=\"row_inner col_align_top tb_col_count_6 tf_box tf_rel\">\n                        <div  data-lazy=\"1\" class=\"module_column tb-column col6-1 tb_ztvv994 first\">\n                    <!-- module text -->\n<div  class=\"module module-text tb_ekkj620   \" data-lazy=\"1\">\n        <div  class=\"tb_text_wrap\">\n        <div id=\"dflip-tab-content-lightbox\" class=\"dflip-tab-content dflip-active\"><code><div class=\"_df_thumb \" id=\"df_372\"  _slug=\"372\" data-title=\"iso-9001\" wpoptions=\"true\" thumbtype=\"\" >Iso 9001<\/div><script class=\"df-shortcode-script\" nowprocket type=\"application\/javascript\">window.option_df_372 = {\"outline\":[],\"autoEnableOutline\":\"false\",\"autoEnableThumbnail\":\"false\",\"overwritePDFOutline\":\"false\",\"direction\":\"1\",\"pageSize\":\"0\",\"source\":\"https:\\\/\\\/www.rosiglioni.it\\\/wp-content\\\/uploads\\\/2024\\\/04\\\/ISO-9001.pdf\",\"wpOptions\":\"true\"}; if(window.DFLIP && window.DFLIP.parseBooks){window.DFLIP.parseBooks();}<\/script><\/code><\/div>\n<div>Iso 9001<\/div>    <\/div>\n<\/div>\n<!-- \/module text -->        <\/div>\n                    <div  data-lazy=\"1\" class=\"module_column tb-column col6-1 tb_u3gl940\">\n                    <!-- module text -->\n<div  class=\"module module-text tb_a32c920   \" data-lazy=\"1\">\n        <div  class=\"tb_text_wrap\">\n        <div class=\"_df_thumb \" id=\"df_389\"  _slug=\"389\" data-title=\"iso-14001\" wpoptions=\"true\" thumbtype=\"\" >ISO 14001<\/div><script class=\"df-shortcode-script\" nowprocket type=\"application\/javascript\">window.option_df_389 = {\"outline\":[],\"autoEnableOutline\":\"false\",\"autoEnableThumbnail\":\"false\",\"overwritePDFOutline\":\"false\",\"direction\":\"1\",\"pageSize\":\"0\",\"source\":\"https:\\\/\\\/www.rosiglioni.it\\\/wp-content\\\/uploads\\\/2024\\\/04\\\/ISO-14001.pdf\",\"wpOptions\":\"true\"}; if(window.DFLIP && window.DFLIP.parseBooks){window.DFLIP.parseBooks();}<\/script>\n<p>Iso 14001<\/p>    <\/div>\n<\/div>\n<!-- \/module text -->        <\/div>\n                    <div  data-lazy=\"1\" class=\"module_column tb-column col6-1 tb_jwd3940\">\n                    <!-- module text -->\n<div  class=\"module module-text tb_ja75401   \" data-lazy=\"1\">\n        <div  class=\"tb_text_wrap\">\n        <div class=\"_df_thumb \" id=\"df_396\"  _slug=\"iso-13485\" data-title=\"iso-13485\" wpoptions=\"true\" thumbtype=\"\" >Iso 13485<\/div><script class=\"df-shortcode-script\" nowprocket type=\"application\/javascript\">window.option_df_396 = {\"outline\":[],\"autoEnableOutline\":\"false\",\"autoEnableThumbnail\":\"false\",\"overwritePDFOutline\":\"false\",\"direction\":\"1\",\"pageSize\":\"0\",\"source\":\"https:\\\/\\\/www.rosiglioni.it\\\/wp-content\\\/uploads\\\/2024\\\/04\\\/ISO-13485.pdf\",\"wpOptions\":\"true\"}; if(window.DFLIP && window.DFLIP.parseBooks){window.DFLIP.parseBooks();}<\/script>\n<p>Iso 13485<\/p>    <\/div>\n<\/div>\n<!-- \/module text -->        <\/div>\n                    <div  data-lazy=\"1\" class=\"module_column tb-column col6-1 tb_hft5940\">\n                    <!-- module text -->\n<div  class=\"module module-text tb_m45r600   \" data-lazy=\"1\">\n        <div  class=\"tb_text_wrap\">\n        <div class=\"_df_thumb \" id=\"df_403\"  _slug=\"iso-45001\" data-title=\"iso-45001\" wpoptions=\"true\" thumbtype=\"\" >Iso 45001<\/div><script class=\"df-shortcode-script\" nowprocket type=\"application\/javascript\">window.option_df_403 = {\"outline\":[],\"autoEnableOutline\":\"false\",\"autoEnableThumbnail\":\"false\",\"overwritePDFOutline\":\"false\",\"direction\":\"1\",\"pageSize\":\"0\",\"source\":\"https:\\\/\\\/www.rosiglioni.it\\\/wp-content\\\/uploads\\\/2024\\\/04\\\/ISO-45001.pdf\",\"wpOptions\":\"true\"}; if(window.DFLIP && window.DFLIP.parseBooks){window.DFLIP.parseBooks();}<\/script>\n<p>Iso 45001<\/p>    <\/div>\n<\/div>\n<!-- \/module text -->        <\/div>\n                    <div  data-lazy=\"1\" class=\"module_column tb-column col6-1 tb_5z86940\">\n                    <!-- module text -->\n<div  class=\"module module-text tb_t0he303   \" data-lazy=\"1\">\n        <div  class=\"tb_text_wrap\">\n        <div class=\"_df_thumb \" id=\"df_408\"  _slug=\"soa-og1-os3\" data-title=\"soa-og1-os3\" wpoptions=\"true\" thumbtype=\"\" >SOA OG1 OS3<\/div><script class=\"df-shortcode-script\" nowprocket type=\"application\/javascript\">window.option_df_408 = {\"outline\":[],\"autoEnableOutline\":\"false\",\"autoEnableThumbnail\":\"false\",\"overwritePDFOutline\":\"false\",\"direction\":\"1\",\"pageSize\":\"0\",\"source\":\"https:\\\/\\\/www.rosiglioni.it\\\/wp-content\\\/uploads\\\/2024\\\/04\\\/SOA_OG1-OS3.pdf\",\"wpOptions\":\"true\"}; if(window.DFLIP && window.DFLIP.parseBooks){window.DFLIP.parseBooks();}<\/script>\n<p>SOA OG1 OS3<\/p>    <\/div>\n<\/div>\n<!-- \/module text -->        <\/div>\n                    <div  data-lazy=\"1\" class=\"module_column tb-column col6-1 tb_3p8o940 last\">\n                    <!-- module text -->\n<div  class=\"module module-text tb_qibf870   \" data-lazy=\"1\">\n        <div  class=\"tb_text_wrap\">\n        <div class=\"_df_thumb \" id=\"df_414\"  _slug=\"ce-ega\" data-title=\"ce-ega\" wpoptions=\"true\" thumbtype=\"\" >CE-EGA<\/div><script class=\"df-shortcode-script\" nowprocket type=\"application\/javascript\">window.option_df_414 = {\"outline\":[],\"autoEnableOutline\":\"false\",\"autoEnableThumbnail\":\"false\",\"overwritePDFOutline\":\"false\",\"direction\":\"1\",\"pageSize\":\"0\",\"source\":\"https:\\\/\\\/www.rosiglioni.it\\\/wp-content\\\/uploads\\\/2024\\\/04\\\/CERTIFICA-CE-EGA.pdf\",\"wpOptions\":\"true\"}; if(window.DFLIP && window.DFLIP.parseBooks){window.DFLIP.parseBooks();}<\/script>\n<p>CE-EGA<\/p>    <\/div>\n<\/div>\n<!-- \/module text -->        <\/div>\n                        <\/div>\n        <\/div>\n                        <div  data-lazy=\"1\" class=\"module_row themify_builder_row tb_01md736 tf_w\">\n                        <div class=\"row_inner col_align_top tb_col_count_5 tf_box tf_rel\">\n                        <div  data-lazy=\"1\" class=\"module_column tb-column col5-1 tb_s8c7736 first\">\n                    <!-- module text -->\n<div  class=\"module module-text tb_hlhy736   \" data-lazy=\"1\">\n        <div  class=\"tb_text_wrap\">\n            <\/div>\n<\/div>\n<!-- \/module text -->        <\/div>\n                    <div  data-lazy=\"1\" class=\"module_column tb-column col5-1 tb_ye2v736\">\n                    <!-- module text -->\n<div  class=\"module module-text tb_ww92736   \" data-lazy=\"1\">\n        <div  class=\"tb_text_wrap\">\n        <div class=\"_df_thumb \" id=\"df_424\"  _slug=\"ce-igm\" data-title=\"ce-igm\" wpoptions=\"true\" thumbtype=\"\" >CE-IGM<\/div><script class=\"df-shortcode-script\" nowprocket type=\"application\/javascript\">window.option_df_424 = {\"outline\":[],\"autoEnableOutline\":\"false\",\"autoEnableThumbnail\":\"false\",\"overwritePDFOutline\":\"false\",\"direction\":\"1\",\"pageSize\":\"0\",\"source\":\"https:\\\/\\\/www.rosiglioni.it\\\/wp-content\\\/uploads\\\/2024\\\/04\\\/CERTIFICATO-CE-IGM.pdf\",\"wpOptions\":\"true\"}; if(window.DFLIP && window.DFLIP.parseBooks){window.DFLIP.parseBooks();}<\/script>\n<p>CE-IGM<\/p>    <\/div>\n<\/div>\n<!-- \/module text -->        <\/div>\n                    <div  data-lazy=\"1\" class=\"module_column tb-column col5-1 tb_edzv736\">\n                    <!-- module text -->\n<div  class=\"module module-text tb_03ef736   \" data-lazy=\"1\">\n        <div  class=\"tb_text_wrap\">\n        <div class=\"_df_thumb \" id=\"df_429\"  _slug=\"429\" data-title=\"ce-vuoto\" wpoptions=\"true\" thumbtype=\"\" >CE-Vuoto<\/div><script class=\"df-shortcode-script\" nowprocket type=\"application\/javascript\">window.option_df_429 = {\"outline\":[],\"autoEnableOutline\":\"false\",\"autoEnableThumbnail\":\"false\",\"overwritePDFOutline\":\"false\",\"direction\":\"1\",\"pageSize\":\"0\",\"source\":\"https:\\\/\\\/www.rosiglioni.it\\\/wp-content\\\/uploads\\\/2024\\\/04\\\/CERTIFICATO-CE-VUOTO.pdf\",\"wpOptions\":\"true\"}; if(window.DFLIP && window.DFLIP.parseBooks){window.DFLIP.parseBooks();}<\/script>\n<p>CE-Vide<\/p>    <\/div>\n<\/div>\n<!-- \/module text -->        <\/div>\n                    <div  data-lazy=\"1\" class=\"module_column tb-column col5-1 tb_ja3o736\">\n                    <!-- module text -->\n<div  class=\"module module-text tb_jk3o736   \" data-lazy=\"1\">\n        <div  class=\"tb_text_wrap\">\n        <div class=\"_df_thumb \" id=\"df_438\"  _slug=\"fgas-n-26720\" data-title=\"fgas-n-26720\" wpoptions=\"true\" thumbtype=\"\" >FGAS N. 26720<\/div><script class=\"df-shortcode-script\" nowprocket type=\"application\/javascript\">window.option_df_438 = {\"outline\":[],\"autoEnableOutline\":\"false\",\"autoEnableThumbnail\":\"false\",\"overwritePDFOutline\":\"false\",\"direction\":\"1\",\"pageSize\":\"0\",\"source\":\"https:\\\/\\\/www.rosiglioni.it\\\/wp-content\\\/uploads\\\/2024\\\/04\\\/FGAS-26720_061218-sc-051223.pdf\",\"wpOptions\":\"true\"}; if(window.DFLIP && window.DFLIP.parseBooks){window.DFLIP.parseBooks();}<\/script>\n<p>FGASN. 26720<\/p>    <\/div>\n<\/div>\n<!-- \/module text -->        <\/div>\n                    <div  data-lazy=\"1\" class=\"module_column tb-column col5-1 tb_l4r2736 last\">\n                            <\/div>\n                        <\/div>\n        <\/div>\n                        <div  data-css_id=\"ambt385\" data-lazy=\"1\" class=\"module_row themify_builder_row fullwidth tb_ambt385 tf_w\">\n                        <div class=\"row_inner col_align_top tb_col_count_1 tf_box tf_rel\">\n                        <div  data-lazy=\"1\" class=\"module_column tb-column col-full tb_02k5385 first\">\n                    <!-- module template_part -->\n<div  class=\"module module-layout-part tb_hevv995 \">\n    <\/div>\n<!-- \/module template_part -->        <\/div>\n                        <\/div>\n        <\/div>\n        <\/div>\n<!--\/themify_builder_content-->","protected":false},"excerpt":{"rendered":"<p>Certifications Chez Rosiglioni Impianti, la s\u00e9curit\u00e9 des installations de gaz m\u00e9dicaux est au c\u0153ur de nos priorit\u00e9s. La gestion de syst\u00e8mes aussi cruciaux n\u00e9cessite un engagement constant et un respect rigoureux des r\u00e9glementations italiennes, qui sont parmi les plus strictes au monde. Comment Garantissons-nous la S\u00e9curit\u00e9 ? Conformit\u00e9 aux Normes UNI EN ISO : Toutes [&hellip;]<\/p>\n","protected":false},"author":1,"featured_media":0,"parent":0,"menu_order":0,"comment_status":"closed","ping_status":"closed","template":"","meta":{"inline_featured_image":false,"footnotes":""},"class_list":["post-1303","page","type-page","status-publish","hentry","has-post-title","has-post-date","has-post-category","has-post-tag","has-post-comment","has-post-author",""],"aioseo_notices":[],"builder_content":"<h1>Certifications<\/h1>\n<p>Chez Rosiglioni Impianti, la s\u00e9curit\u00e9 des installations de gaz m\u00e9dicaux est au c\u0153ur de nos priorit\u00e9s. La gestion de syst\u00e8mes aussi cruciaux n\u00e9cessite un engagement constant et un respect rigoureux des r\u00e9glementations italiennes, qui sont parmi les plus strictes au monde. <\/p> <p><strong>Comment Garantissons-nous la S\u00e9curit\u00e9 ?<\/strong><\/p> <ol> <li> <p><strong>Conformit\u00e9 aux Normes UNI EN ISO<\/strong> :<\/p> <ul> <li>Toutes nos installations respectent les normes UNI EN ISO, qui \u00e9tablissent les standards pour la qualit\u00e9 et la s\u00e9curit\u00e9 des installations de gaz m\u00e9dicaux. Ces r\u00e9glementations couvrent tout, de la conception \u00e0 la maintenance, en s'assurant que chaque composant fonctionne efficacement et en s\u00e9curit\u00e9. <\/li> <\/ul> <\/li> <li> <p><strong>Certification P\u00e9riodique<\/strong> :<\/p> <ul> <li>Nous soumettons r\u00e9guli\u00e8rement nos installations \u00e0 des r\u00e9visions et certifications p\u00e9riodiques. Ceci n'est pas seulement une exigence l\u00e9gale, mais c'est aussi une pratique fondamentale pour maintenir et garantir la haute performance et la s\u00e9curit\u00e9 des syst\u00e8mes. <\/li> <\/ul> <\/li> <li> <p><strong>Formation Continue du Personnel<\/strong> :<\/p> <ul> <li>Notre personnel est constamment mis \u00e0 jour sur les derni\u00e8res r\u00e9glementations et techniques de s\u00e9curit\u00e9 gr\u00e2ce \u00e0 des cours de formation p\u00e9riodiques. Ceci assure que chaque membre de l'\u00e9quipe soit pr\u00e9par\u00e9 \u00e0 g\u00e9rer chaque aspect des installations avec la plus grande comp\u00e9tence. <\/li> <\/ul> <\/li> <\/ol> Ci-dessous toutes nos certifications t\u00e9l\u00e9chargeables.\n<code>[dflip id=\"372\" type=\"thumb\"][\/dflip]<\/code> Iso 9001\n<p>[dflip id=\"389\" type=\"thumb\"][\/dflip]<\/p> <p>Iso 14001<\/p>\n<p>[dflip id=\"396\" type=\"thumb\"][\/dflip]<\/p> <p>Iso 13485<\/p>\n<p>[dflip id=\"403\" type=\"thumb\"][\/dflip]<\/p> <p>Iso 45001<\/p>\n<p>[dflip id=\"408\" type=\"thumb\"][\/dflip]<\/p> <p>SOA OG1 OS3<\/p>\n<p>[dflip id=\"414\" type=\"thumb\"][\/dflip]<\/p> <p>CE-EGA<\/p>\n\n<p>[dflip id=\"424\" type=\"thumb\"][\/dflip]<\/p> <p>CE-IGM<\/p>\n<p>[dflip id=\"429\" type=\"thumb\"][\/dflip]<\/p> <p>CE-Vide<\/p>\n<p>[dflip id=\"438\" type=\"thumb\"][\/dflip]<\/p> <p>FGASN. 26720<\/p>","_links":{"self":[{"href":"https:\/\/www.rosiglioni.it\/fr\/wp-json\/wp\/v2\/pages\/1303","targetHints":{"allow":["GET"]}}],"collection":[{"href":"https:\/\/www.rosiglioni.it\/fr\/wp-json\/wp\/v2\/pages"}],"about":[{"href":"https:\/\/www.rosiglioni.it\/fr\/wp-json\/wp\/v2\/types\/page"}],"author":[{"embeddable":true,"href":"https:\/\/www.rosiglioni.it\/fr\/wp-json\/wp\/v2\/users\/1"}],"replies":[{"embeddable":true,"href":"https:\/\/www.rosiglioni.it\/fr\/wp-json\/wp\/v2\/comments?post=1303"}],"version-history":[{"count":5,"href":"https:\/\/www.rosiglioni.it\/fr\/wp-json\/wp\/v2\/pages\/1303\/revisions"}],"predecessor-version":[{"id":1338,"href":"https:\/\/www.rosiglioni.it\/fr\/wp-json\/wp\/v2\/pages\/1303\/revisions\/1338"}],"wp:attachment":[{"href":"https:\/\/www.rosiglioni.it\/fr\/wp-json\/wp\/v2\/media?parent=1303"}],"curies":[{"name":"wp","href":"https:\/\/api.w.org\/{rel}","templated":true}]}}